{"id":13375,"date":"2023-10-26T09:41:17","date_gmt":"2023-10-26T07:41:17","guid":{"rendered":"https:\/\/dekode2023.stage.dekodes.no\/?page_id=13375"},"modified":"2025-09-19T15:15:29","modified_gmt":"2025-09-19T13:15:29","slug":"jobbe-med-oss","status":"publish","type":"page","link":"https:\/\/dekode2023.stage.dekodes.no\/en\/jobbe-med-oss\/","title":{"rendered":"Digitale prosjekter med mennesker i fokus"},"content":{"rendered":"\t<div class=\"dekode-hero alignfull has-ellipsis wp-block-dekode-hero has-background has-yellow-background-color\">\n\t\t<div class=\"dekode-hero__inner\">\n\t\t\t<div class=\"dekode-hero__content\">\n\t\t\t\t<h1>Digitale prosjekter med mennesker i fokus<\/h1>\n\t\t\t\t\t\t\t\t\t<p>I Dekode setter vi menneskene f\u00f8rst i v\u00e5re prosjekter. Vi dykker inn i hjertet av din organisasjon og hjelper de som daglig jobber med nettsiden. Vi vil forst\u00e5 disse menneskene, deres behov og bygge l\u00f8sninger som gir varig verdi.\u00a0<\/p>\n\t\t\t\t\t\t\t\t\n\n<div class=\"wp-block-buttons is-layout-flex wp-block-buttons-is-layout-flex\"><\/div>\n\n\t\t\t<\/div>\n\t\t\t\t\t\t\t<div class=\"dekode-hero__image\">\n\t\t\t\t\t<img loading=\"lazy\" decoding=\"async\" width=\"768\" height=\"574\" src=\"https:\/\/dekode2023.stage.dekodes.no\/content\/uploads\/sites\/2\/2023\/11\/mennesker_og_teknologi-768x574.png\" class=\"attachment-medium_large size-medium_large\" alt=\"\" srcset=\"https:\/\/dekode2023.stage.dekodes.no\/content\/uploads\/sites\/2\/2023\/11\/mennesker_og_teknologi-768x574.png 768w, https:\/\/dekode2023.stage.dekodes.no\/content\/uploads\/sites\/2\/2023\/11\/mennesker_og_teknologi-300x224.png 300w, https:\/\/dekode2023.stage.dekodes.no\/content\/uploads\/sites\/2\/2023\/11\/mennesker_og_teknologi-1024x766.png 1024w, https:\/\/dekode2023.stage.dekodes.no\/content\/uploads\/sites\/2\/2023\/11\/mennesker_og_teknologi.png 1150w\" sizes=\"auto, (max-width: 768px) 100vw, 768px\" \/>\t\t\t\t<\/div>\n\t\t\t\t\t<\/div>\n\t\t\t\t\t<div class=\"dekode-hero__ellipsis\"><\/div>\n\t\t\t<\/div>\n\t\n\n\n\t\t<div class=\"wp-block-t2-title-content\">\n\t\t\t<div class=\"t2-title-content__title-wrapper\"><h2 class=\"t2-title-content__title\">V\u00e5re prinsipper<\/h2><\/div>\n\t\t\t<div class=\"t2-title-content__content\"><div class=\"t2-title-content__inner\">\n\n<p>N\u00e5r du begynner et digitalt prosjekt, er&nbsp;det ikke lett \u00e5 v\u00e6re sikker p\u00e5 at man tar riktige valg. V\u00e5r konklusjon er at de fleste tekniske plattformer kan gj\u00f8re den samme jobben. Det er andre faktorer som avgj\u00f8r om du lykkes p\u00e5 nett. &nbsp;<\/p>\n\n\n\n<p>I Dekode har vi definert et sett prinsipper for v\u00e5rt arbeid. Disse prinsippene sikrer at v\u00e5re l\u00f8sninger er teknisk overlegne, meningsfulle og tilpasset dine unike behov.&nbsp;<\/p>\n\n\n\n\n\n<p>Langsiktighet er ledende prinsipp i alt vi gj\u00f8r. Jobber du aktivt med digital kommunikasjon er nettsiden din forretningskritisk. Det er et kommunikasjonsverkt\u00f8y i hverdagen og en n\u00f8kkel til \u00e5 n\u00e5 langsiktige m\u00e5l.&nbsp;Gode verkt\u00f8yer krever strukturert arbeid over tid. Rette tekniske valg m\u00e5 kombineres med kunnskap, kompetanse og gode prosesser som sikrer effektiv fremdrift. N\u00e5r vi ser prosjekter i langsiktig perspektiv kan vi treffe valg for n\u00e5tid og fremtid. Det gj\u00f8r det mulig \u00e5 tilpasse arbeidsflyt og organisasjon over tid, det forhindre sl\u00f8sing med ressurser og bidrar til langsiktig verdiskapning.&nbsp;<\/p>\n\n\n\n\n\n<p>Digital modenhet handler om \u00e5 forst\u00e5 hvordan teknologi kan integreres effektivt i din organisasjons strategi, kultur og arbeidsprosesser. N\u00e5r du begynner et nettside prosjekt, m\u00e5 dette tilpasses din og din organisasjons digitale modenhet. Uten denne vurderingen risikerer man \u00e5 implementere l\u00f8sninger som er for d\u00e5rlige eller avanserte. Det l\u00f8ser ikke organisasjonens faktiske behov.&nbsp;<\/p>\n\n\n\n<p>Det skal v\u00e6re g\u00f8y \u00e5 jobbe p\u00e5 nett. En forutsetning for \u00e5 ha det g\u00f8y, er \u00e5 f\u00f8le mestring. Med en nettside tilpasset kompetansen i din organisasjon blir digital kommunikasjon enkel og g\u00f8y. Det sparer tid, skaper engasjement og \u00f8ker den digitale kompetansen. &nbsp;<\/p>\n\n\n\n\n\n<p>For oss er det ekstremt viktig at v\u00e5re kunder ikke bare er passive mottakere av de l\u00f8sningene vi tilbyr, men aktive deltakere i deres egne nettside prosjekter. Det betyr \u00e5 utruste dem med de n\u00f8dvendige verkt\u00f8yene, kunnskapen og ferdighetene for \u00e5 administrere, oppdatere og utvikle deres egen nettl\u00f8sning over tid.<\/p>\n\n\n\n<p><strong>V\u00e5rt m\u00e5l<\/strong>&nbsp;er \u00e5 gj\u00f8re kundene v\u00e5re selvstendige i deres digitale arbeidshverdag. Det betyr at innenfor rammene vi sammen har definert, s\u00e5 skal de klare \u00e5 h\u00e5ndtere alt selv.<\/p>\n\n\n\n\n\n<p>I Dekode har vi designere som forst\u00e5r teknologi og utviklere som forst\u00e5r design. Ved \u00e5 jobbe tett sammen, skaper vi solide l\u00f8sninger som fungerer optimalt og skalerer over tid. <\/p>\n\n\n\n<\/div><\/div>\n\t\t<\/div>\n\n\t<div class=\"dekode-section alignfull has-ellipsis wp-block-dekode-section has-background\">\n\t\t<div class=\"dekode-section__inner\">\n\t\t\t\n\n<div class=\"wp-block-columns alignwide is-layout-flex wp-container-core-columns-is-layout-1 wp-block-columns-is-layout-flex\" style=\"margin-top:var(--wp--preset--spacing--50);margin-bottom:var(--wp--preset--spacing--50);padding-top:var(--wp--preset--spacing--40);padding-right:var(--wp--preset--spacing--50);padding-bottom:var(--wp--preset--spacing--40);padding-left:var(--wp--preset--spacing--50)\">\n<div class=\"wp-block-column is-layout-flow wp-block-column-is-layout-flow\" style=\"flex-basis:33.33%\">\n<h2 class=\"wp-block-heading\" id=\"h-var-prosess\">V\u00e5r prosess<\/h2>\n\n\n\n<p>Det finnes mange flotte prosesser og metoder, med tilsvarende flotte navn.&nbsp;<br>Vi er nok mer pragmatiske, og tror ikke at det finnes en prosess som passer alle. Hva som passer det enkelte prosjekt og organisasjon, er avhengig av en rekke faktorer.<\/p>\n\n\n\n<p>F\u00e5r vi kontroll p\u00e5 dette, er det enkelt \u00e5 supplere med teknologi som st\u00f8tter dere i deres digitale hverdag.<\/p>\n\n\n\n<div class=\"wp-block-buttons is-layout-flex wp-block-buttons-is-layout-flex\">\n<div class=\"wp-block-button is-style-arrow is-style-arrow--1\"><a class=\"wp-block-button__link wp-element-button\" href=\"\/kontakt\">Snakk med oss om ditt prosjekt<\/a><\/div>\n<\/div>\n<\/div>\n\n\n\n<div class=\"wp-block-column is-layout-flow wp-block-column-is-layout-flow\" style=\"flex-basis:66.66%\">\n<figure class=\"wp-block-image size-large\"><img loading=\"lazy\" decoding=\"async\" width=\"1024\" height=\"213\" src=\"https:\/\/dekode2023.stage.dekodes.no\/content\/uploads\/2023\/11\/Prosess_faser_v-1024x213.png\" alt=\"\" class=\"wp-image-13781\" srcset=\"https:\/\/dekode2023.stage.dekodes.no\/content\/uploads\/sites\/2\/2023\/11\/Prosess_faser_v-1024x213.png 1024w, https:\/\/dekode2023.stage.dekodes.no\/content\/uploads\/sites\/2\/2023\/11\/Prosess_faser_v-300x62.png 300w, https:\/\/dekode2023.stage.dekodes.no\/content\/uploads\/sites\/2\/2023\/11\/Prosess_faser_v-768x160.png 768w, https:\/\/dekode2023.stage.dekodes.no\/content\/uploads\/sites\/2\/2023\/11\/Prosess_faser_v-1536x319.png 1536w, https:\/\/dekode2023.stage.dekodes.no\/content\/uploads\/sites\/2\/2023\/11\/Prosess_faser_v-2048x426.png 2048w\" sizes=\"auto, (max-width: 1024px) 100vw, 1024px\" \/><\/figure>\n\n\n\n\n\n<p>N\u00e5r vi f\u00f8rst skal jobbe sammen, er det mest sannsynlig for en lang periode.&nbsp;<\/p>\n\n\n\n<p>Dere skal bli kjent med oss, og vi skal bli kjent med dere.&nbsp;<\/p>\n\n\n\n<p>I tillegg m\u00e5 vi skj\u00f8nne om vi faktisk kan tilf\u00f8re verdi, og hvordan et prosjekt b\u00f8r skaleres for \u00e5 passe dere.&nbsp;<\/p>\n\n\n\n\n\n<p>Det er lett \u00e5 lage en nettside. Men det er vanskelig \u00e5 lage en nettside som skal levere verdi, og vare lenge. For \u00e5 f\u00e5 til dette, er det viktig at det gj\u00f8res et solid grunnarbeid.&nbsp;<\/p>\n\n\n\n<ul class=\"wp-block-list is-style-default\">\n<li>Digital strategi med mennesker i fokus.<\/li>\n\n\n\n<li>L\u00f8sningsbeskrivelse for lanseringsprosjekt med tilh\u00f8rende estimater.<\/li>\n\n\n\n<li>Suksessplan, som legger vekt p\u00e5 b\u00e5de tekniske og menneskelige aspekter av prosjektet og sikrer at alle parter har en klar forst\u00e5else av retningen og forventningene.<\/li>\n<\/ul>\n\n\n\n\n\n<p>Vi tror at den virkelige jobben starter ved lansering. Og at det er viktig \u00e5 ikke gape over for mye. Derfor kaller vi det et lanseringsprosjekt. Hva m\u00e5 vi lage for \u00e5 starte p\u00e5 reisen sammen? Som er bedre enn det som er fra f\u00f8r, men ikke blir st\u00f8rre enn hva organisasjonen og de som skal jobbe med l\u00f8sningen, klarer \u00e5 mestre. Et lanseringsprosjekt kan v\u00e6re stort eller lite, helt avhengig av behov, og dere som kunde.<\/p>\n\n\n\n\n\n<p>I Dekode har vi en egen avdeling som er til for \u00e5 sikre at b\u00e5de dere som kunde, og prosjektene deres skal ha alle forutsetninger for \u00e5 lykkes. Vi har en rekke tjenester og tilbud, og det er din ambisjon som legger f\u00f8ringer for hvordan vi skal jobbe sammen.<\/p>\n\n\n\n<ul class=\"wp-block-list\">\n<li>Drift og support<\/li>\n\n\n\n<li>Proaktiv forvaltning<\/li>\n\n\n\n<li>Videreutvikling<\/li>\n\n\n\n<li>Vekst og verdi<\/li>\n<\/ul>\n\n\n<\/div>\n<\/div>\n\n\t\t<\/div>\n\t\t\t\t\t<div class=\"dekode-section__ellipsis\"><\/div>\n\t\t\t<\/div>\n\t\n\n\n\t\t<div class=\"alignnone is-mode-constrained is-gap-center wp-block-t2-simple-media-text\">\n\t\t\t<div class=\"t2-simple-media-text__container\">\n\t\t\t\t<div class=\"t2-simple-media-text__image\"><img loading=\"lazy\" decoding=\"async\" width=\"768\" height=\"512\" src=\"https:\/\/dekode2023.stage.dekodes.no\/content\/uploads\/sites\/2\/2023\/10\/5481Dekode-157-768x512.jpg\" class=\"\" alt=\"\" style=\"--focalpoint: 50% 50%;\" srcset=\"https:\/\/dekode2023.stage.dekodes.no\/content\/uploads\/sites\/2\/2023\/10\/5481Dekode-157-768x512.jpg 768w, https:\/\/dekode2023.stage.dekodes.no\/content\/uploads\/sites\/2\/2023\/10\/5481Dekode-157-300x200.jpg 300w, https:\/\/dekode2023.stage.dekodes.no\/content\/uploads\/sites\/2\/2023\/10\/5481Dekode-157-1024x683.jpg 1024w, https:\/\/dekode2023.stage.dekodes.no\/content\/uploads\/sites\/2\/2023\/10\/5481Dekode-157-1536x1025.jpg 1536w\" sizes=\"auto, (max-width: 768px) 100vw, 768px\" \/><\/div>\n\t\t\t\t<div class=\"t2-simple-media-text__content-container\">\n\t\t\t\t\t<div class=\"t2-simple-media-text__content\">\n\t\t\t\t\t\t<div class=\"t2-simple-media-text__content-inner\">\n\t\t\t\t\t\t\t\n\n<h2 class=\"wp-block-heading\" id=\"h-tverrfaglige-leveranseteam\">Tverrfaglige leveranseteam<\/h2>\n\n\n\n<p>I Dekode har vi satt sammen faste tverrfaglige leveranse team. Vi tror p\u00e5 at n\u00e5r&nbsp; ulike fagfolk kommer sammen, skapes magi. Tverrfaglige team kombinerer en mangfoldighet av kunnskap, erfaring og perspektiver som f\u00f8rer til bedre og mer helhetlige l\u00f8sninger.<\/p>\n\n\n\t\t\t\t\t\t<\/div>\n\t\t\t\t\t<\/div>\n\t\t\t\t<\/div>\n\t\t\t<\/div>\n\t\t<\/div>\n\t\t\n\n\n\t\t<div class=\"alignnone is-mode-constrained is-gap-center has-media-on-the-right wp-block-t2-simple-media-text\">\n\t\t\t<div class=\"t2-simple-media-text__container\">\n\t\t\t\t<div class=\"t2-simple-media-text__image\"><img loading=\"lazy\" decoding=\"async\" width=\"768\" height=\"512\" src=\"https:\/\/dekode2023.stage.dekodes.no\/content\/uploads\/sites\/2\/2023\/10\/5481Dekode-186-768x512.jpg\" class=\"\" alt=\"\" style=\"--focalpoint: 50% 50%;\" srcset=\"https:\/\/dekode2023.stage.dekodes.no\/content\/uploads\/sites\/2\/2023\/10\/5481Dekode-186-768x512.jpg 768w, https:\/\/dekode2023.stage.dekodes.no\/content\/uploads\/sites\/2\/2023\/10\/5481Dekode-186-300x200.jpg 300w, https:\/\/dekode2023.stage.dekodes.no\/content\/uploads\/sites\/2\/2023\/10\/5481Dekode-186-1024x683.jpg 1024w, https:\/\/dekode2023.stage.dekodes.no\/content\/uploads\/sites\/2\/2023\/10\/5481Dekode-186-1536x1025.jpg 1536w\" sizes=\"auto, (max-width: 768px) 100vw, 768px\" \/><\/div>\n\t\t\t\t<div class=\"t2-simple-media-text__content-container\">\n\t\t\t\t\t<div class=\"t2-simple-media-text__content\">\n\t\t\t\t\t\t<div class=\"t2-simple-media-text__content-inner\">\n\t\t\t\t\t\t\t\n\n<h2 class=\"wp-block-heading\" id=\"h-med-vart-design-og-kodesystem-kommer-du-til-dekket-bord\">Med v\u00e5rt design- og kodesystem <br>kommer du til dekket bord<\/h2>\n\n\n\n<p>V\u00e5r styrke ligger i fundamentet. Gjennom \u00e5rene har vi utviklet et omfattende design- og kodesystem som danner grunnlaget for alle v\u00e5re prosjekter. Dette sikrer konsistens, h\u00f8y kvalitet og raskere leveransetider. Med v\u00e5rt robuste system i ryggen kan vi skreddersy l\u00f8sninger for deg uten \u00e5 g\u00e5 p\u00e5 kompromiss med stabilitet og effektivitet. Det er erfaring omformet til digital mestring.<\/p>\n\n\n\t\t\t\t\t\t<\/div>\n\t\t\t\t\t<\/div>\n\t\t\t\t<\/div>\n\t\t\t<\/div>\n\t\t<\/div>\n\t\t\n\n\t<div class=\"dekode-quote alignfull has-ellipsis wp-block-dekode-quote has-background has-pink-background-color\">\n\t\t<div class=\"dekode-quote__inner\">\n\t\t\t<div class=\"dekode-quote__content\">\n\t\t\t\t<blockquote>\n\t\t\t\t\t<svg xmlns=\"http:\/\/www.w3.org\/2000\/svg\" viewBox=\"0 0 24 24\" height=\"24\" width=\"24\" class=\"t2-icon t2-icon-quote\" aria-hidden=\"true\" focusable=\"false\"><path d=\"M9.87892 7.95775c-3.2556 0-5.13004 1.47887-5.13004 3.54925 2.46637-1.57742 6.11662-.1971 6.11662 3.2536C10.8655 17.2254 8.89238 19 6.32735 19 3.1704 19 1 16.338 1 12.7887 1 8.05634 4.65023 5 9.87892 5v2.95775Zm3.25558 4.83095C13.1345 8.05634 16.7848 5 22.0135 5v2.95775c-3.2557 0-5.1301 1.47887-5.1301 3.54925C19.3498 9.92958 23 11.3099 23 14.7606 23 17.2254 21.0269 19 18.4619 19c-3.157 0-5.3274-2.662-5.3274-6.2113Z\"\/><\/svg>\t\t\t\t\t\n\n<p>Langsiktighet er en forutsetning for \u00e5 lykkes p\u00e5 nett. Nettopp derfor er vi utrolig stolte over at s\u00e5 mange av v\u00e5re kunder velger \u00e5 jobbe med oss over tid. Det er en tillitserkl\u00e6ring at 70% av omsetningen v\u00e5r kommer fra eksisterende kunder.<\/p>\n\n\t\t\t\t\t\t\t\t\t\t\t<cite>Magne Ilsaas, Gr\u00fcnder og partner i Dekode<\/cite>\n\t\t\t\t\t\t\t\t\t<\/blockquote>\n\t\t\t<\/div>\n\t\t<\/div>\n\t\t\t\t\t<div class=\"dekode-quote__ellipsis\"><\/div>\n\t\t\t<\/div>\n\t\n\n\n\t\t<div class=\"alignnone is-mode-constrained is-gap-center wp-block-t2-simple-media-text\">\n\t\t\t<div class=\"t2-simple-media-text__container\">\n\t\t\t\t<div class=\"t2-simple-media-text__image\"><img loading=\"lazy\" decoding=\"async\" width=\"768\" height=\"512\" src=\"https:\/\/dekode2023.stage.dekodes.no\/content\/uploads\/sites\/2\/2023\/09\/5481Dekode-426-768x512.jpg\" class=\"\" alt=\"\" style=\"--focalpoint: 50% 50%;\" srcset=\"https:\/\/dekode2023.stage.dekodes.no\/content\/uploads\/sites\/2\/2023\/09\/5481Dekode-426-768x512.jpg 768w, https:\/\/dekode2023.stage.dekodes.no\/content\/uploads\/sites\/2\/2023\/09\/5481Dekode-426-300x200.jpg 300w, https:\/\/dekode2023.stage.dekodes.no\/content\/uploads\/sites\/2\/2023\/09\/5481Dekode-426-1024x683.jpg 1024w, https:\/\/dekode2023.stage.dekodes.no\/content\/uploads\/sites\/2\/2023\/09\/5481Dekode-426-1536x1025.jpg 1536w\" sizes=\"auto, (max-width: 768px) 100vw, 768px\" \/><\/div>\n\t\t\t\t<div class=\"t2-simple-media-text__content-container\">\n\t\t\t\t\t<div class=\"t2-simple-media-text__content\">\n\t\t\t\t\t\t<div class=\"t2-simple-media-text__content-inner\">\n\t\t\t\t\t\t\t\n\n<h2 class=\"wp-block-heading\" id=\"h-vi-er-wordpress-eksperter\">Vi er WordPress eksperter<\/h2>\n\n\n\n<p>I over 15 \u00e5r har vi spesialisert oss p\u00e5 WordPress, og er Norges st\u00f8rste spesialist milj\u00f8 p\u00e5 denne plattformen. Vi liker denne plattformen fordi:<\/p>\n\n\n\n<ul class=\"wp-block-list\">\n<li>Det er det mest brukervennlige CMS for deg som redakt\u00f8r.<\/li>\n\n\n\n<li>Det er det mest kostnadseffektive plattformen for nettsider med komplekse behov.<\/li>\n\n\n\n<li>Den har et fleksibelt modul\u00e6rt malverk, som spiller p\u00e5 lag med innholdet.<\/li>\n<\/ul>\n\n\n\n<div class=\"wp-block-buttons is-layout-flex wp-block-buttons-is-layout-flex\">\n<div class=\"wp-block-button is-style-arrow is-style-arrow--2\"><a class=\"wp-block-button__link wp-element-button\" href=\"https:\/\/dekode2023.stage.dekodes.no\/storskala-wordpress\/\">L\u00e6r mer om WordPress<\/a><\/div>\n<\/div>\n\n\n\t\t\t\t\t\t<\/div>\n\t\t\t\t\t<\/div>\n\t\t\t\t<\/div>\n\t\t\t<\/div>\n\t\t<\/div>\n\t\t\n\n\n\t\t<div class=\"alignfull is-style-image use-yellow-background wp-block-dekode-call-to-action\">\n\t\t\t<div class=\"cta-content\">\n\t\t\t\t<div class=\"cta-ellipsis\"><\/div>\n\t\t\t\t<div class=\"cta-content-inner\">\n\t\t\t\t\t<div class=\"cta-content__left\">\n\t\t\t\t\t\t<h2>Klar for \u00e5 endelig lykke p\u00e5 nett?<\/h2>\n\t\t\t\t\t\t<p>Over 50 spesialister er klare for \u00e5 hjelpe deg.<\/p>\n\t\t\t\t\t\t<div class=\"cta-actions\"><a href=\"\/kontakt\" class=\"wp-element-button\">Ta kontakt<\/a><\/div>\n\t\t\t\t\t<\/div>\n\t\t\t\t\t<div class=\"cta-images\"><div class=\"cta-image\"><img decoding=\"async\" src=\"https:\/\/dekode2023.stage.dekodes.no\/content\/uploads\/sites\/2\/2023\/10\/skisser-dekode-snaps-2018-5015-768x512.jpg\" alt=\"\" \/><\/div><\/div>\n\t\t\t\t<\/div>\n\t\t\t<\/div>\n\t\t<\/div>","protected":false},"excerpt":{"rendered":"","protected":false},"author":1,"featured_media":0,"parent":0,"menu_order":0,"comment_status":"closed","ping_status":"closed","template":"","meta":{"t2_featured_media_focal_point":{"x":0.5,"y":0.5},"footnotes":""},"class_list":["post-13375","page","type-page","status-publish","hentry"],"yoast_head":"<!-- This site is optimized with the Yoast SEO Premium plugin v25.3.1 (Yoast SEO v25.9) - https:\/\/yoast.com\/wordpress\/plugins\/seo\/ -->\n<title>Digitale prosjekter med mennesker i fokus - Dekode EN<\/title>\n<meta name=\"robots\" content=\"index, follow, max-snippet:-1, max-image-preview:large, max-video-preview:-1\" \/>\n<link rel=\"canonical\" href=\"https:\/\/dekode2023.stage.dekodes.no\/en\/jobbe-med-oss\/\" \/>\n<meta property=\"og:locale\" content=\"nb_NO\" \/>\n<meta property=\"og:type\" content=\"article\" \/>\n<meta property=\"og:title\" content=\"Digitale prosjekter med mennesker i fokus\" \/>\n<meta property=\"og:url\" content=\"https:\/\/dekode2023.stage.dekodes.no\/en\/jobbe-med-oss\/\" \/>\n<meta property=\"og:site_name\" content=\"Dekode EN\" \/>\n<meta property=\"article:modified_time\" content=\"2025-09-19T13:15:29+00:00\" \/>\n<meta property=\"og:image\" content=\"https:\/\/dekode2023.stage.dekodes.no\/content\/uploads\/2023\/11\/Prosess_faser_v-1024x213.png\" \/>\n<meta name=\"twitter:card\" content=\"summary_large_image\" \/>\n<meta name=\"twitter:label1\" content=\"Ansl. lesetid\" \/>\n\t<meta name=\"twitter:data1\" content=\"6 minutter\" \/>\n<script type=\"application\/ld+json\" class=\"yoast-schema-graph\">{\"@context\":\"https:\/\/schema.org\",\"@graph\":[{\"@type\":\"WebPage\",\"@id\":\"https:\/\/dekode2023.stage.dekodes.no\/en\/jobbe-med-oss\/\",\"url\":\"https:\/\/dekode2023.stage.dekodes.no\/en\/jobbe-med-oss\/\",\"name\":\"Digitale prosjekter med mennesker i fokus - Dekode EN\",\"isPartOf\":{\"@id\":\"https:\/\/dekode2023.stage.dekodes.no\/en\/#website\"},\"primaryImageOfPage\":{\"@id\":\"https:\/\/dekode2023.stage.dekodes.no\/en\/jobbe-med-oss\/#primaryimage\"},\"image\":{\"@id\":\"https:\/\/dekode2023.stage.dekodes.no\/en\/jobbe-med-oss\/#primaryimage\"},\"thumbnailUrl\":\"https:\/\/dekode2023.stage.dekodes.no\/content\/uploads\/2023\/11\/Prosess_faser_v-1024x213.png\",\"datePublished\":\"2023-10-26T07:41:17+00:00\",\"dateModified\":\"2025-09-19T13:15:29+00:00\",\"breadcrumb\":{\"@id\":\"https:\/\/dekode2023.stage.dekodes.no\/en\/jobbe-med-oss\/#breadcrumb\"},\"inLanguage\":\"nb-NO\",\"potentialAction\":[{\"@type\":\"ReadAction\",\"target\":[\"https:\/\/dekode2023.stage.dekodes.no\/en\/jobbe-med-oss\/\"]}]},{\"@type\":\"ImageObject\",\"inLanguage\":\"nb-NO\",\"@id\":\"https:\/\/dekode2023.stage.dekodes.no\/en\/jobbe-med-oss\/#primaryimage\",\"url\":\"https:\/\/dekode2023.stage.dekodes.no\/content\/uploads\/2023\/11\/Prosess_faser_v-1024x213.png\",\"contentUrl\":\"https:\/\/dekode2023.stage.dekodes.no\/content\/uploads\/2023\/11\/Prosess_faser_v-1024x213.png\"},{\"@type\":\"BreadcrumbList\",\"@id\":\"https:\/\/dekode2023.stage.dekodes.no\/en\/jobbe-med-oss\/#breadcrumb\",\"itemListElement\":[{\"@type\":\"ListItem\",\"position\":1,\"name\":\"Hjem\",\"item\":\"https:\/\/dekode2023.stage.dekodes.no\/en\/\"},{\"@type\":\"ListItem\",\"position\":2,\"name\":\"Digitale prosjekter med mennesker i fokus\"}]},{\"@type\":\"WebSite\",\"@id\":\"https:\/\/dekode2023.stage.dekodes.no\/en\/#website\",\"url\":\"https:\/\/dekode2023.stage.dekodes.no\/en\/\",\"name\":\"Dekode EN\",\"description\":\"Design og utvikling p\u00e5 WordPress\",\"potentialAction\":[{\"@type\":\"SearchAction\",\"target\":{\"@type\":\"EntryPoint\",\"urlTemplate\":\"https:\/\/dekode2023.stage.dekodes.no\/en\/?s={search_term_string}\"},\"query-input\":{\"@type\":\"PropertyValueSpecification\",\"valueRequired\":true,\"valueName\":\"search_term_string\"}}],\"inLanguage\":\"nb-NO\"}]}<\/script>\n<!-- \/ Yoast SEO Premium plugin. -->","yoast_head_json":{"title":"Digitale prosjekter med mennesker i fokus - Dekode EN","robots":{"index":"index","follow":"follow","max-snippet":"max-snippet:-1","max-image-preview":"max-image-preview:large","max-video-preview":"max-video-preview:-1"},"canonical":"https:\/\/dekode2023.stage.dekodes.no\/en\/jobbe-med-oss\/","og_locale":"nb_NO","og_type":"article","og_title":"Digitale prosjekter med mennesker i fokus","og_url":"https:\/\/dekode2023.stage.dekodes.no\/en\/jobbe-med-oss\/","og_site_name":"Dekode EN","article_modified_time":"2025-09-19T13:15:29+00:00","og_image":[{"url":"https:\/\/dekode2023.stage.dekodes.no\/content\/uploads\/2023\/11\/Prosess_faser_v-1024x213.png","type":"","width":"","height":""}],"twitter_card":"summary_large_image","twitter_misc":{"Ansl. lesetid":"6 minutter"},"schema":{"@context":"https:\/\/schema.org","@graph":[{"@type":"WebPage","@id":"https:\/\/dekode2023.stage.dekodes.no\/en\/jobbe-med-oss\/","url":"https:\/\/dekode2023.stage.dekodes.no\/en\/jobbe-med-oss\/","name":"Digitale prosjekter med mennesker i fokus - Dekode EN","isPartOf":{"@id":"https:\/\/dekode2023.stage.dekodes.no\/en\/#website"},"primaryImageOfPage":{"@id":"https:\/\/dekode2023.stage.dekodes.no\/en\/jobbe-med-oss\/#primaryimage"},"image":{"@id":"https:\/\/dekode2023.stage.dekodes.no\/en\/jobbe-med-oss\/#primaryimage"},"thumbnailUrl":"https:\/\/dekode2023.stage.dekodes.no\/content\/uploads\/2023\/11\/Prosess_faser_v-1024x213.png","datePublished":"2023-10-26T07:41:17+00:00","dateModified":"2025-09-19T13:15:29+00:00","breadcrumb":{"@id":"https:\/\/dekode2023.stage.dekodes.no\/en\/jobbe-med-oss\/#breadcrumb"},"inLanguage":"nb-NO","potentialAction":[{"@type":"ReadAction","target":["https:\/\/dekode2023.stage.dekodes.no\/en\/jobbe-med-oss\/"]}]},{"@type":"ImageObject","inLanguage":"nb-NO","@id":"https:\/\/dekode2023.stage.dekodes.no\/en\/jobbe-med-oss\/#primaryimage","url":"https:\/\/dekode2023.stage.dekodes.no\/content\/uploads\/2023\/11\/Prosess_faser_v-1024x213.png","contentUrl":"https:\/\/dekode2023.stage.dekodes.no\/content\/uploads\/2023\/11\/Prosess_faser_v-1024x213.png"},{"@type":"BreadcrumbList","@id":"https:\/\/dekode2023.stage.dekodes.no\/en\/jobbe-med-oss\/#breadcrumb","itemListElement":[{"@type":"ListItem","position":1,"name":"Hjem","item":"https:\/\/dekode2023.stage.dekodes.no\/en\/"},{"@type":"ListItem","position":2,"name":"Digitale prosjekter med mennesker i fokus"}]},{"@type":"WebSite","@id":"https:\/\/dekode2023.stage.dekodes.no\/en\/#website","url":"https:\/\/dekode2023.stage.dekodes.no\/en\/","name":"Dekode EN","description":"Design og utvikling p\u00e5 WordPress","potentialAction":[{"@type":"SearchAction","target":{"@type":"EntryPoint","urlTemplate":"https:\/\/dekode2023.stage.dekodes.no\/en\/?s={search_term_string}"},"query-input":{"@type":"PropertyValueSpecification","valueRequired":true,"valueName":"search_term_string"}}],"inLanguage":"nb-NO"}]}},"_links":{"self":[{"href":"https:\/\/dekode2023.stage.dekodes.no\/en\/wp-json\/wp\/v2\/pages\/13375","targetHints":{"allow":["GET"]}}],"collection":[{"href":"https:\/\/dekode2023.stage.dekodes.no\/en\/wp-json\/wp\/v2\/pages"}],"about":[{"href":"https:\/\/dekode2023.stage.dekodes.no\/en\/wp-json\/wp\/v2\/types\/page"}],"author":[{"embeddable":true,"href":"https:\/\/dekode2023.stage.dekodes.no\/en\/wp-json\/wp\/v2\/users\/1"}],"replies":[{"embeddable":true,"href":"https:\/\/dekode2023.stage.dekodes.no\/en\/wp-json\/wp\/v2\/comments?post=13375"}],"version-history":[{"count":5,"href":"https:\/\/dekode2023.stage.dekodes.no\/en\/wp-json\/wp\/v2\/pages\/13375\/revisions"}],"predecessor-version":[{"id":17191,"href":"https:\/\/dekode2023.stage.dekodes.no\/en\/wp-json\/wp\/v2\/pages\/13375\/revisions\/17191"}],"wp:attachment":[{"href":"https:\/\/dekode2023.stage.dekodes.no\/en\/wp-json\/wp\/v2\/media?parent=13375"}],"curies":[{"name":"wp","href":"https:\/\/api.w.org\/{rel}","templated":true}]}}