{"id":15513,"date":"2024-12-19T14:49:18","date_gmt":"2024-12-19T13:49:18","guid":{"rendered":"https:\/\/dekode2023.stage.dekodes.no\/?page_id=15513"},"modified":"2025-04-22T10:53:57","modified_gmt":"2025-04-22T08:53:57","slug":"dekode-pluss-og-premium-forutsigbarhet-og-merverdi-for-ditt-nettsted","status":"publish","type":"page","link":"https:\/\/dekode2023.stage.dekodes.no\/en\/dekode-pluss-og-premium-forutsigbarhet-og-merverdi-for-ditt-nettsted\/","title":{"rendered":"Dekode Pluss og Premium \u2013 Forutsigbarhet og merverdi for ditt nettsted"},"content":{"rendered":"\t<div class=\"dekode-hero alignfull has-ellipsis wp-block-dekode-hero has-background has-yellow-background-color\">\n\t\t<div class=\"dekode-hero__inner\">\n\t\t\t<div class=\"dekode-hero__content\">\n\t\t\t\t<h1>Dekode Pluss og Premium \u2013 Forutsigbarhet og merverdi for ditt nettsted<\/h1>\n\t\t\t\t\t\t\t\t\t<p>Dekode introduserer to nye niv\u00e5er av tjenester, skreddersydde for \u00e5 gi eksisterende kunder enda mer verdi: <strong>Dekode Pluss<\/strong> og <strong>Dekode Premium<\/strong>. Disse tilleggene er designet for \u00e5 l\u00f8fte nettstedene dine til nye h\u00f8yder, med fokus p\u00e5 strategisk st\u00f8tte, analyse og kontinuerlig forbedring.<\/p>\n\t\t\t\t\t\t\t\t\n\n<div class=\"wp-block-buttons is-layout-flex wp-block-buttons-is-layout-flex\"><\/div>\n\n\t\t\t<\/div>\n\t\t\t\t\t\t\t<div class=\"dekode-hero__image\">\n\t\t\t\t\t<img loading=\"lazy\" decoding=\"async\" width=\"768\" height=\"574\" src=\"https:\/\/dekode2023.stage.dekodes.no\/content\/uploads\/sites\/2\/2024\/12\/Premium-768x574.png\" class=\"attachment-medium_large size-medium_large\" alt=\"\" srcset=\"https:\/\/dekode2023.stage.dekodes.no\/content\/uploads\/sites\/2\/2024\/12\/Premium-768x574.png 768w, https:\/\/dekode2023.stage.dekodes.no\/content\/uploads\/sites\/2\/2024\/12\/Premium-300x224.png 300w, https:\/\/dekode2023.stage.dekodes.no\/content\/uploads\/sites\/2\/2024\/12\/Premium-1024x766.png 1024w, https:\/\/dekode2023.stage.dekodes.no\/content\/uploads\/sites\/2\/2024\/12\/Premium.png 1150w\" sizes=\"auto, (max-width: 768px) 100vw, 768px\" \/>\t\t\t\t<\/div>\n\t\t\t\t\t<\/div>\n\t\t\t\t\t<div class=\"dekode-hero__ellipsis\"><\/div>\n\t\t\t<\/div>\n\t\n\n\n<p>Med <strong>Dekode Premium<\/strong> f\u00e5r du en helhetlig l\u00f8sning som s\u00f8rger for at nettstedet ditt er oppdatert, optimalt og strategisk tilrettelagt. Tjenesten inkluderer jevnlige oppdateringer av WordPress, server og utvidelser, samt kvartalsm\u00f8ter der vi g\u00e5r igjennom deres rapporter for SEO, ytelse og de nyeste funksjonene i WordPress.<\/p>\n\n\n\n<p>I tillegg s\u00e5 f\u00e5r du en \u00e5rlig UX-gjennomgang og designworkshop og oppl\u00e6ring for webredakt\u00f8rer. Slik hjelper vi deg \u00e5 holde nettstedet relevant, tilgjengelig og brukervennlig. Dekode Premium er for deg som \u00f8nsker en proaktiv partner som sikrer vekst og \u00f8kt verdi over tid.<\/p>\n\n\n\n<p>Med <strong>Dekode Pluss<\/strong> f\u00e5r du jevnlige oppdateringer av WordPress, server og utvidelser for \u00e5 sikre stabilitet og sikkerhet. Tjenesten inkluderer ogs\u00e5 kvartalsrapporter med innsikt i SEO, ytelse og de nyeste funksjonene i WordPress.<\/p>\n\n\n\n<p>Vi hjelper deg med \u00e5 holde nettstedet ditt oppdatert og i toppform, slik at det alltid presterer p\u00e5 sitt beste. Dekode Pluss er en investering i stabilitet og kontinuerlig forbedring.<\/p>\n\n\n<div class=\"dekode-pricing-table alignwide alignwide wp-block-dekode-pricing-table\">\n\t\t\t<nav class=\"prices-switcher\">\n\t\t\t<ul class=\"prices-switcher-list\">\n\t\t\t\t<li class=\"active\"><span data-value=\"month\">M\u00e5nedlig<\/span><\/li>\n\t\t\t\t<li><span data-value=\"year\">\u00c5rlig<\/span><\/li>\n\t\t\t<\/ul>\n\t\t<\/nav>\n\t\t\t<div class=\"swiper pricing-table-cards\">\n\t\t\t\t<div class=\"swiper-wrapper\">\n<div class=\"swiper-slide dekode-pricing-card wp-block-dekode-pricing-card\">\n\t<div class=\"dekode-pricing-card__content\">\n\t\t\n\t\t<div class=\"price per-month active\">\n\t\t\t<span class=\"amount\" data-price-start=\"82800\" data-price-end=\"6900\">6900<\/span>\n\t\t\t<small>NOK pr m\u00e5ned<\/small>\n\t\t<\/div>\n\n\t\t<div class=\"price per-year\">\n\t\t\t<span class=\"amount\" data-price-start=\"6900\" data-price-end=\"82800\">82800<\/span>\n\t\t\t<small>NOK pr \u00e5r<\/small>\n\t\t<\/div>\n\n\t\t\n\n<h2 class=\"wp-block-heading package-name\" id=\"h-dekode-pluss\">Dekode Pluss<\/h2>\n\n\n\n<p class=\"features-title\">Sikre at nettstedet ditt alltid er oppdatert<\/p>\n\n\n\n<ul class=\"features-list wp-block-list\">\n<li><a href=\"#oppdateringer\">Oppdateringer av WordPress, server og utvidelser<\/a><\/li>\n\n\n\n<li><a href=\"#Rapport og gjennomgang:\">Kvart<\/a><a href=\"#rapporter\">alsrapport for:<\/a>\n<ul class=\"wp-block-list\">\n<li>SEO <\/li>\n\n\n\n<li>Ytelsesrapport<\/li>\n\n\n\n<li>Hva er nytt i WordPress<\/li>\n<\/ul>\n<\/li>\n<\/ul>\n\n\t<\/div>\n<\/div>\n\n\n<div class=\"swiper-slide dekode-pricing-card wp-block-dekode-pricing-card\">\n\t<div class=\"dekode-pricing-card__content\">\n\t\t\n\t\t<div class=\"price per-month active\">\n\t\t\t<span class=\"amount\" data-price-start=\"118800\" data-price-end=\"9900\">9900<\/span>\n\t\t\t<small>NOK pr m\u00e5ned<\/small>\n\t\t<\/div>\n\n\t\t<div class=\"price per-year\">\n\t\t\t<span class=\"amount\" data-price-start=\"9900\" data-price-end=\"118800\">118800<\/span>\n\t\t\t<small>NOK pr \u00e5r<\/small>\n\t\t<\/div>\n\n\t\t\n\n<h2 class=\"wp-block-heading package-name\" id=\"h-dekode-premium\">Dekode Premium<\/h2>\n\n\n\n<p class=\"features-title\">Sikre at nettstedet ditt alltid er p\u00e5 sitt beste<\/p>\n\n\n\n<ul class=\"features-list wp-block-list\">\n<li><a href=\"#oppdateringer\">Oppdateringer av WordPress, server og utvidelser<\/a><\/li>\n\n\n\n<li><a href=\"#rapporter\">Kvartalsrapport <strong>og gjennomgang<\/strong> for:<\/a>\n<ul class=\"wp-block-list\">\n<li>SEO <\/li>\n\n\n\n<li>Ytelsesrapport<\/li>\n\n\n\n<li>Hva er nytt i WordPress<\/li>\n<\/ul>\n<\/li>\n\n\n\n<li><a href=\"#UX\">\u00c5rlig UX-gjennomgang og designworkshop<\/a><\/li>\n\n\n\n<li><a href=\"#oppl\u00e6ring\">\u00c5rlig oppl\u00e6ring for webredakt\u00f8rer<\/a><\/li>\n<\/ul>\n\n\t<\/div>\n<\/div>\n\n<\/div>\n\t\t\t\t<div class=\"swiper-navigation\">\n\t\t\t\t\t<div class=\"swiper-button-prev\"><\/div>\n\t\t\t\t\t<div class=\"swiper-button-next\"><\/div>\n\t\t\t\t\t<div class=\"swiper-pagination\"><\/div>\n\t\t\t\t<\/div>\n\t\t\t<\/div>\n\t\t<\/div>\n\n\n<h2 class=\"wp-block-heading is-style-cta\" id=\"h-hva-er-inkludert\">Hva er inkludert? <\/h2>\n\n\n\n<div class=\"wp-block-group alignwide has-global-padding is-layout-constrained wp-block-group-is-layout-constrained\" id=\"oppdateringer\">\n\t\t<div class=\"wp-block-t2-title-content\">\n\t\t\t<div class=\"t2-title-content__title-wrapper\"><h2 class=\"t2-title-content__title\">Oppdateringer av WordPress, server og utvidelser<\/h2><\/div>\n\t\t\t<div class=\"t2-title-content__content\"><div class=\"t2-title-content__inner\">\n\n<p>Inkludert i avtalen din s\u00f8rger vi for at nettstedet ditt alltid er oppdatert til siste versjon av WordPress. I tillegg s\u00f8rger vi for at serveren og utvidelsen alltid er i samspill med siste versjon av WordPress.<\/p>\n\n\n\n<p>Oppdateringer av WordPress og PHP er avgj\u00f8rende for sikkerhet, ytelse og brukeropplevelse. De beskytter nettstedet ditt mot trusler, introduserer nye funksjoner, gj\u00f8r vedlikehold enklere, forbedrer hastigheten og sikrer stabil drift. Vi holder nettstedet ditt oppdatert for en trygg og optimal digital plattform.<\/p>\n\n\n\n<ul class=\"wp-block-list\">\n<li><strong>Sikkerhet:<\/strong> Beskytter nettstedet mot trusler og s\u00e5rbarheter.<\/li>\n\n\n\n<li><strong>Ny funksjonalitet:<\/strong> Oppdateringer introduserer nye funksjoner som kan forbedre b\u00e5de administrator- og brukeropplevelsen p\u00e5 nettstedet ditt. Dette inkluderer alt fra nye verkt\u00f8y til bedre designmuligheter.<\/li>\n\n\n\n<li><strong>Vedlikehold:<\/strong> Gj\u00f8r videreutvikling og vedlikehold enklere. <\/li>\n\n\n\n<li><strong>Hastighet:<\/strong> Nye versjoner av programvare inkluderer ofte ytelsesforbedringer som kan redusere lastetidene og gj\u00f8re nettstedet ditt raskere for brukerne.<\/li>\n\n\n\n<li><strong>Stabilitet:<\/strong> Oppdateringer inneholder feilrettinger som sikrer at nettstedet ditt fungerer feilfritt og stabilt.<\/li>\n<\/ul>\n\n<\/div><\/div>\n\t\t<\/div><\/div>\n\n\n\n<div class=\"wp-block-group alignwide has-global-padding is-layout-constrained wp-block-group-is-layout-constrained\" id=\"rapporter\">\n\t\t<div class=\"wp-block-t2-title-content\">\n\t\t\t<div class=\"t2-title-content__title-wrapper\"><h2 class=\"t2-title-content__title\">Rapporter<\/h2><\/div>\n\t\t\t<div class=\"t2-title-content__content\"><div class=\"t2-title-content__inner\">\n\n<p>Vi setter opp og oversender en rapport for \u00e5 se p\u00e5 status og forslag til forbedringer for f\u00f8lgende punkter.  <\/p>\n\n\n\n<h3 class=\"wp-block-heading\" id=\"h-seo\">SEO:<\/h3>\n\n\n\n<p>F\u00e5 full kontroll over nettstedets synlighet og ytelse med v\u00e5r skreddersydde SEO-overv\u00e5kningstjeneste. Vi hjelper dere med \u00e5 forst\u00e5 og forbedre n\u00f8kkelomr\u00e5der som p\u00e5virker trafikk, brukeropplevelse og rangeringer.<\/p>\n\n\n\n<p><strong>Dette inkluderer:<\/strong><\/p>\n\n\n\n<p>\u2022 <strong>S\u00f8keordsoverv\u00e5kning:<\/strong> Vi sporer utviklingen i rangeringen for opptil 120 prioriterte s\u00f8keord. \u00d8nsker dere \u00e5 overv\u00e5ke flere? Ekstra s\u00f8keord kan legges til som tilleggstjeneste.<\/p>\n\n\n\n<p>\u2022 <strong>Trafikk og trender:<\/strong> Analyse av trafikkutvikling for \u00e5 identifisere trender og muligheter som hjelper dere \u00e5 tiltrekke riktig publikum.<\/p>\n\n\n\n<p>\u2022 <strong>Core Web Vitals:<\/strong> Vi overv\u00e5ker viktige ytelsesindikatorer som p\u00e5virker b\u00e5de brukeropplevelse og rangering, inkludert lastetid og interaktivitet.<\/p>\n\n\n\n<p>\u2022 <strong>Teknisk SEO:<\/strong> I tillegg gjennomf\u00f8rer vi en teknisk gjennomgang av nettstedet blant annet for \u00e5 identifisere brutte lenker, HTTP-statuskoder etc.<\/p>\n\n\n\n<p><strong>Ytelsesrapport:<\/strong><\/p>\n\n\n\n<p>Vi analyserer nettstedets ytelse og hastighet for \u00e5 identifisere forbedringsmuligheter som kan gi en bedre brukeropplevelse. Gjennom en gjennomgang av de fem siste publiserte sidene og forsiden, utarbeider vi en rapport med konkrete forslag til optimalisering.<\/p>\n\n\n\n<p>Som en del av tjenesten ser vi ogs\u00e5 p\u00e5 viktige aspekter som lastetid, interaktivitet og ytelse. Dette hjelper oss med \u00e5 avdekke forbedringsomr\u00e5der og vurdere tiltak som sikrer at nettstedet presterer p\u00e5 sitt beste.<\/p>\n\n\n\n<p><strong>Hva er nytt i WordPress<\/strong><\/p>\n\n\n\n<p>Vi gir deg en oversikt over de nyeste funksjonene og endringene i WordPress etter hver oppdatering. Du f\u00e5r innsikt i hva som er nytt og hva dette betyr for deg som redakt\u00f8r, slik at du kan utnytte plattformens muligheter fullt ut. Dette sikrer at du alltid er oppdatert og kan jobbe mer effektivt med nettstedet ditt.<\/p>\n\n<\/div><\/div>\n\t\t<\/div><\/div>\n\n\n\n<h2 class=\"wp-block-heading is-style-cta\" id=\"h-i-tillegg-inkluderer-var-premium-pakke\">I tillegg inkluderer v\u00e5r Premium-pakke:<\/h2>\n\n\n\n<div class=\"wp-block-group alignwide has-global-padding is-layout-constrained wp-block-group-is-layout-constrained\" id=\"UX\">\n\t\t<div class=\"wp-block-t2-title-content\">\n\t\t\t<div class=\"t2-title-content__title-wrapper\"><h2 class=\"t2-title-content__title\"><br>\u00c5rlig UX-gjennomgang og designworkshop<\/h2><\/div>\n\t\t\t<div class=\"t2-title-content__content\"><div class=\"t2-title-content__inner\">\n\n<p>Vi gjennomf\u00f8rer en \u00e5rlig gjennomgang av nettstedets brukeropplevelse (UX) for \u00e5 identifisere forbedringsmuligheter som kan \u00f8ke brukervennlighet, engasjement og konverteringer. Gjennom en designworkshop samarbeider vi med dere for \u00e5 utforske innovative l\u00f8sninger og justere designet i tr\u00e5d med deres behov og m\u00e5l. Dette gir dere en oppdatert og brukervennlig nettside som m\u00f8ter b\u00e5de brukerkrav og strategiske m\u00e5l.<\/p>\n\n<\/div><\/div>\n\t\t<\/div><\/div>\n\n\n\n<div class=\"wp-block-group alignwide has-global-padding is-layout-constrained wp-block-group-is-layout-constrained\" id=\"UU\"><\/div>\n\n\n\n<div class=\"wp-block-group alignwide has-global-padding is-layout-constrained wp-block-group-is-layout-constrained\" id=\"oppl\u00e6ring\">\n\t\t<div class=\"wp-block-t2-title-content\">\n\t\t\t<div class=\"t2-title-content__title-wrapper\"><h2 class=\"t2-title-content__title\"><strong>\u00c5rlig oppl\u00e6ring for webredakt\u00f8rer<\/strong><\/h2><\/div>\n\t\t\t<div class=\"t2-title-content__content\"><div class=\"t2-title-content__inner\">\n\n<p>Vi tilbyr en \u00e5rlig oppl\u00e6ring, inntil 4 timer, som gir webredakt\u00f8rene dine oppdatert kunnskap og ferdigheter for \u00e5 jobbe effektivt med nettstedet. Oppl\u00e6ringen dekker nye funksjoner, beste praksis for innholdsproduksjon og tips for optimal bruk av verkt\u00f8yene p\u00e5 plattformen.<\/p>\n\n<\/div><\/div>\n\t\t<\/div><\/div>\n\n\n\n\t\t<div class=\"wp-block-t2-title-content\">\n\t\t\t<div class=\"t2-title-content__title-wrapper\"><h2 class=\"t2-title-content__title\">Kvartalsvise gjennomganger av rapporter<\/h2><\/div>\n\t\t\t<div class=\"t2-title-content__content\"><div class=\"t2-title-content__inner\">\n\n<p>Vi holder kvartalsvise gjennomganger av rapportene for SEO, ytelse og &laquo;hva er nytt i WordPress&raquo;, slik at dere f\u00e5r en intuitiv og pedagogisk gjennomgang av  rapportene.<\/p>\n\n<\/div><\/div>\n\t\t<\/div>\n\n\n\t\t<div class=\"alignfull is-style-person use-pink-background wp-block-dekode-call-to-action\">\n\t\t\t<div class=\"cta-content\">\n\t\t\t\t<div class=\"cta-ellipsis\"><\/div>\n\t\t\t\t<div class=\"cta-content-inner\">\n\t\t\t\t\t<div class=\"cta-content__left\">\n\t\t\t\t\t\t<h2>Er du interessert i \u00e5 h\u00f8re mer om Dekode Pluss og Dekode Premium? <\/h2>\n\t\t\t\t\t\t\n\t\t\t\t\t\t<div class=\"cta-actions\"><a href=\"mailto:andreas.bengtsson@dekode.no\" class=\"wp-element-button\">Ta kontakt med Andreas<\/a><\/div>\n\t\t\t\t\t<\/div>\n\t\t\t\t\t\t<div class=\"wp-block-dekode-people-item\">\n\t\t<div class=\"person-util-person\">\n\t\t\t<img loading=\"lazy\" decoding=\"async\" width=\"683\" height=\"1024\" src=\"https:\/\/dekode2023.stage.dekodes.no\/content\/uploads\/sites\/2\/2024\/09\/Andreas-Bengtsson_V-683x1024.jpg\" class=\"attachment-large size-large wp-post-image\" alt=\"Bilde av Andreas Bengtsson\" \/>\t\t\t<div>\n\t\t\t\t<div class=\"person-util-person-name\">Andreas Bengtsson<\/div>\n\t\t\t\t\t\t\t\t\t<div class=\"person-util-person-role\">\n\t\t\t\t\t\t<span>Kommersiell leder (CCO)<\/span>\t\t\t\t\t<\/div>\n\t\t\t\t\t\t\t\t\t\t\t\t\t<div class=\"person-util-person-meta\">\n\t\t\t\t\t\t\t\t\t\t\t\t\t<div><a href=\"mailto:andreas.bengtsson@dekode.no\">andreas.bengtsson@dekode.no<\/a><\/div>\n\t\t\t\t\t\t\t\t\t\t\t\t\t<div>\u202d+47 476 46 372\u202c<\/div>\n\t\t\t\t\t\t\t\t\t\t\t<\/div>\n\t\t\t\t\t\t\t<\/div>\n\t\t<\/div>\n\t<\/div>\n\t\n\t\t\t\t<\/div>\n\t\t\t<\/div>\n\t\t<\/div>","protected":false},"excerpt":{"rendered":"<p>Med Dekode Premium f\u00e5r du en helhetlig l\u00f8sning som s\u00f8rger for at nettstedet ditt er oppdatert, optimalt og strategisk tilrettelagt. Tjenesten inkluderer jevnlige oppdateringer av WordPress, server og utvidelser, samt kvartalsm\u00f8ter der vi g\u00e5r igjennom deres rapporter for SEO, ytelse og de nyeste funksjonene i WordPress. I tillegg s\u00e5 f\u00e5r du en \u00e5rlig UX-gjennomgang og [&hellip;]<\/p>\n","protected":false},"author":44,"featured_media":15780,"parent":0,"menu_order":0,"comment_status":"closed","ping_status":"closed","template":"","meta":{"t2_featured_media_focal_point":{"x":0.51,"y":0.29},"footnotes":""},"class_list":["post-15513","page","type-page","status-publish","has-post-thumbnail","hentry"],"yoast_head":"<!-- This site is optimized with the Yoast SEO Premium plugin v25.3.1 (Yoast SEO v25.9) - https:\/\/yoast.com\/wordpress\/plugins\/seo\/ -->\n<title>Dekode Pluss og Premium \u2013 Forutsigbarhet og merverdi for ditt nettsted - Dekode EN<\/title>\n<meta name=\"robots\" content=\"index, follow, max-snippet:-1, max-image-preview:large, max-video-preview:-1\" \/>\n<link rel=\"canonical\" href=\"https:\/\/dekode2023.stage.dekodes.no\/en\/dekode-pluss-og-premium-forutsigbarhet-og-merverdi-for-ditt-nettsted\/\" \/>\n<meta property=\"og:locale\" content=\"nb_NO\" \/>\n<meta property=\"og:type\" content=\"article\" \/>\n<meta property=\"og:title\" content=\"Dekode Pluss og Premium \u2013 Forutsigbarhet og merverdi for ditt nettsted\" \/>\n<meta property=\"og:description\" content=\"Med Dekode Premium f\u00e5r du en helhetlig l\u00f8sning som s\u00f8rger for at nettstedet ditt er oppdatert, optimalt og strategisk tilrettelagt. Tjenesten inkluderer jevnlige oppdateringer av WordPress, server og utvidelser, samt kvartalsm\u00f8ter der vi g\u00e5r igjennom deres rapporter for SEO, ytelse og de nyeste funksjonene i WordPress. I tillegg s\u00e5 f\u00e5r du en \u00e5rlig UX-gjennomgang og [&hellip;]\" \/>\n<meta property=\"og:url\" content=\"https:\/\/dekode2023.stage.dekodes.no\/en\/dekode-pluss-og-premium-forutsigbarhet-og-merverdi-for-ditt-nettsted\/\" \/>\n<meta property=\"og:site_name\" content=\"Dekode EN\" \/>\n<meta property=\"article:modified_time\" content=\"2025-04-22T08:53:57+00:00\" \/>\n<meta property=\"og:image\" content=\"https:\/\/dekode2023.stage.dekodes.no\/content\/uploads\/sites\/2\/2024\/12\/Premium.png\" \/>\n\t<meta property=\"og:image:width\" content=\"1150\" \/>\n\t<meta property=\"og:image:height\" content=\"860\" \/>\n\t<meta property=\"og:image:type\" content=\"image\/png\" \/>\n<meta name=\"twitter:card\" content=\"summary_large_image\" \/>\n<meta name=\"twitter:label1\" content=\"Ansl. lesetid\" \/>\n\t<meta name=\"twitter:data1\" content=\"5 minutter\" \/>\n<script type=\"application\/ld+json\" class=\"yoast-schema-graph\">{\"@context\":\"https:\/\/schema.org\",\"@graph\":[{\"@type\":\"WebPage\",\"@id\":\"https:\/\/dekode2023.stage.dekodes.no\/en\/dekode-pluss-og-premium-forutsigbarhet-og-merverdi-for-ditt-nettsted\/\",\"url\":\"https:\/\/dekode2023.stage.dekodes.no\/en\/dekode-pluss-og-premium-forutsigbarhet-og-merverdi-for-ditt-nettsted\/\",\"name\":\"Dekode Pluss og Premium \u2013 Forutsigbarhet og merverdi for ditt nettsted - Dekode EN\",\"isPartOf\":{\"@id\":\"https:\/\/dekode2023.stage.dekodes.no\/en\/#website\"},\"primaryImageOfPage\":{\"@id\":\"https:\/\/dekode2023.stage.dekodes.no\/en\/dekode-pluss-og-premium-forutsigbarhet-og-merverdi-for-ditt-nettsted\/#primaryimage\"},\"image\":{\"@id\":\"https:\/\/dekode2023.stage.dekodes.no\/en\/dekode-pluss-og-premium-forutsigbarhet-og-merverdi-for-ditt-nettsted\/#primaryimage\"},\"thumbnailUrl\":\"https:\/\/dekode2023.stage.dekodes.no\/content\/uploads\/sites\/2\/2024\/12\/Premium.png\",\"datePublished\":\"2024-12-19T13:49:18+00:00\",\"dateModified\":\"2025-04-22T08:53:57+00:00\",\"breadcrumb\":{\"@id\":\"https:\/\/dekode2023.stage.dekodes.no\/en\/dekode-pluss-og-premium-forutsigbarhet-og-merverdi-for-ditt-nettsted\/#breadcrumb\"},\"inLanguage\":\"nb-NO\",\"potentialAction\":[{\"@type\":\"ReadAction\",\"target\":[\"https:\/\/dekode2023.stage.dekodes.no\/en\/dekode-pluss-og-premium-forutsigbarhet-og-merverdi-for-ditt-nettsted\/\"]}]},{\"@type\":\"ImageObject\",\"inLanguage\":\"nb-NO\",\"@id\":\"https:\/\/dekode2023.stage.dekodes.no\/en\/dekode-pluss-og-premium-forutsigbarhet-og-merverdi-for-ditt-nettsted\/#primaryimage\",\"url\":\"https:\/\/dekode2023.stage.dekodes.no\/content\/uploads\/sites\/2\/2024\/12\/Premium.png\",\"contentUrl\":\"https:\/\/dekode2023.stage.dekodes.no\/content\/uploads\/sites\/2\/2024\/12\/Premium.png\",\"width\":1150,\"height\":860},{\"@type\":\"BreadcrumbList\",\"@id\":\"https:\/\/dekode2023.stage.dekodes.no\/en\/dekode-pluss-og-premium-forutsigbarhet-og-merverdi-for-ditt-nettsted\/#breadcrumb\",\"itemListElement\":[{\"@type\":\"ListItem\",\"position\":1,\"name\":\"Hjem\",\"item\":\"https:\/\/dekode2023.stage.dekodes.no\/en\/\"},{\"@type\":\"ListItem\",\"position\":2,\"name\":\"Dekode Pluss og Premium \u2013 Forutsigbarhet og merverdi for ditt nettsted\"}]},{\"@type\":\"WebSite\",\"@id\":\"https:\/\/dekode2023.stage.dekodes.no\/en\/#website\",\"url\":\"https:\/\/dekode2023.stage.dekodes.no\/en\/\",\"name\":\"Dekode EN\",\"description\":\"Design og utvikling p\u00e5 WordPress\",\"potentialAction\":[{\"@type\":\"SearchAction\",\"target\":{\"@type\":\"EntryPoint\",\"urlTemplate\":\"https:\/\/dekode2023.stage.dekodes.no\/en\/?s={search_term_string}\"},\"query-input\":{\"@type\":\"PropertyValueSpecification\",\"valueRequired\":true,\"valueName\":\"search_term_string\"}}],\"inLanguage\":\"nb-NO\"}]}<\/script>\n<!-- \/ Yoast SEO Premium plugin. -->","yoast_head_json":{"title":"Dekode Pluss og Premium \u2013 Forutsigbarhet og merverdi for ditt nettsted - Dekode EN","robots":{"index":"index","follow":"follow","max-snippet":"max-snippet:-1","max-image-preview":"max-image-preview:large","max-video-preview":"max-video-preview:-1"},"canonical":"https:\/\/dekode2023.stage.dekodes.no\/en\/dekode-pluss-og-premium-forutsigbarhet-og-merverdi-for-ditt-nettsted\/","og_locale":"nb_NO","og_type":"article","og_title":"Dekode Pluss og Premium \u2013 Forutsigbarhet og merverdi for ditt nettsted","og_description":"Med Dekode Premium f\u00e5r du en helhetlig l\u00f8sning som s\u00f8rger for at nettstedet ditt er oppdatert, optimalt og strategisk tilrettelagt. Tjenesten inkluderer jevnlige oppdateringer av WordPress, server og utvidelser, samt kvartalsm\u00f8ter der vi g\u00e5r igjennom deres rapporter for SEO, ytelse og de nyeste funksjonene i WordPress. I tillegg s\u00e5 f\u00e5r du en \u00e5rlig UX-gjennomgang og [&hellip;]","og_url":"https:\/\/dekode2023.stage.dekodes.no\/en\/dekode-pluss-og-premium-forutsigbarhet-og-merverdi-for-ditt-nettsted\/","og_site_name":"Dekode EN","article_modified_time":"2025-04-22T08:53:57+00:00","og_image":[{"width":1150,"height":860,"url":"https:\/\/dekode2023.stage.dekodes.no\/content\/uploads\/sites\/2\/2024\/12\/Premium.png","type":"image\/png"}],"twitter_card":"summary_large_image","twitter_misc":{"Ansl. lesetid":"5 minutter"},"schema":{"@context":"https:\/\/schema.org","@graph":[{"@type":"WebPage","@id":"https:\/\/dekode2023.stage.dekodes.no\/en\/dekode-pluss-og-premium-forutsigbarhet-og-merverdi-for-ditt-nettsted\/","url":"https:\/\/dekode2023.stage.dekodes.no\/en\/dekode-pluss-og-premium-forutsigbarhet-og-merverdi-for-ditt-nettsted\/","name":"Dekode Pluss og Premium \u2013 Forutsigbarhet og merverdi for ditt nettsted - Dekode EN","isPartOf":{"@id":"https:\/\/dekode2023.stage.dekodes.no\/en\/#website"},"primaryImageOfPage":{"@id":"https:\/\/dekode2023.stage.dekodes.no\/en\/dekode-pluss-og-premium-forutsigbarhet-og-merverdi-for-ditt-nettsted\/#primaryimage"},"image":{"@id":"https:\/\/dekode2023.stage.dekodes.no\/en\/dekode-pluss-og-premium-forutsigbarhet-og-merverdi-for-ditt-nettsted\/#primaryimage"},"thumbnailUrl":"https:\/\/dekode2023.stage.dekodes.no\/content\/uploads\/sites\/2\/2024\/12\/Premium.png","datePublished":"2024-12-19T13:49:18+00:00","dateModified":"2025-04-22T08:53:57+00:00","breadcrumb":{"@id":"https:\/\/dekode2023.stage.dekodes.no\/en\/dekode-pluss-og-premium-forutsigbarhet-og-merverdi-for-ditt-nettsted\/#breadcrumb"},"inLanguage":"nb-NO","potentialAction":[{"@type":"ReadAction","target":["https:\/\/dekode2023.stage.dekodes.no\/en\/dekode-pluss-og-premium-forutsigbarhet-og-merverdi-for-ditt-nettsted\/"]}]},{"@type":"ImageObject","inLanguage":"nb-NO","@id":"https:\/\/dekode2023.stage.dekodes.no\/en\/dekode-pluss-og-premium-forutsigbarhet-og-merverdi-for-ditt-nettsted\/#primaryimage","url":"https:\/\/dekode2023.stage.dekodes.no\/content\/uploads\/sites\/2\/2024\/12\/Premium.png","contentUrl":"https:\/\/dekode2023.stage.dekodes.no\/content\/uploads\/sites\/2\/2024\/12\/Premium.png","width":1150,"height":860},{"@type":"BreadcrumbList","@id":"https:\/\/dekode2023.stage.dekodes.no\/en\/dekode-pluss-og-premium-forutsigbarhet-og-merverdi-for-ditt-nettsted\/#breadcrumb","itemListElement":[{"@type":"ListItem","position":1,"name":"Hjem","item":"https:\/\/dekode2023.stage.dekodes.no\/en\/"},{"@type":"ListItem","position":2,"name":"Dekode Pluss og Premium \u2013 Forutsigbarhet og merverdi for ditt nettsted"}]},{"@type":"WebSite","@id":"https:\/\/dekode2023.stage.dekodes.no\/en\/#website","url":"https:\/\/dekode2023.stage.dekodes.no\/en\/","name":"Dekode EN","description":"Design og utvikling p\u00e5 WordPress","potentialAction":[{"@type":"SearchAction","target":{"@type":"EntryPoint","urlTemplate":"https:\/\/dekode2023.stage.dekodes.no\/en\/?s={search_term_string}"},"query-input":{"@type":"PropertyValueSpecification","valueRequired":true,"valueName":"search_term_string"}}],"inLanguage":"nb-NO"}]}},"_links":{"self":[{"href":"https:\/\/dekode2023.stage.dekodes.no\/en\/wp-json\/wp\/v2\/pages\/15513","targetHints":{"allow":["GET"]}}],"collection":[{"href":"https:\/\/dekode2023.stage.dekodes.no\/en\/wp-json\/wp\/v2\/pages"}],"about":[{"href":"https:\/\/dekode2023.stage.dekodes.no\/en\/wp-json\/wp\/v2\/types\/page"}],"author":[{"embeddable":true,"href":"https:\/\/dekode2023.stage.dekodes.no\/en\/wp-json\/wp\/v2\/users\/44"}],"replies":[{"embeddable":true,"href":"https:\/\/dekode2023.stage.dekodes.no\/en\/wp-json\/wp\/v2\/comments?post=15513"}],"version-history":[{"count":4,"href":"https:\/\/dekode2023.stage.dekodes.no\/en\/wp-json\/wp\/v2\/pages\/15513\/revisions"}],"predecessor-version":[{"id":16289,"href":"https:\/\/dekode2023.stage.dekodes.no\/en\/wp-json\/wp\/v2\/pages\/15513\/revisions\/16289"}],"wp:featuredmedia":[{"embeddable":true,"href":"https:\/\/dekode2023.stage.dekodes.no\/en\/wp-json\/wp\/v2\/media\/15780"}],"wp:attachment":[{"href":"https:\/\/dekode2023.stage.dekodes.no\/en\/wp-json\/wp\/v2\/media?parent=15513"}],"curies":[{"name":"wp","href":"https:\/\/api.w.org\/{rel}","templated":true}]}}