{"id":3,"date":"2023-07-20T12:15:26","date_gmt":"2023-07-20T12:15:26","guid":{"rendered":"https:\/\/dekode2023.stage.dekodes.no\/?page_id=3"},"modified":"2023-10-03T17:02:23","modified_gmt":"2023-10-03T15:02:23","slug":"privacy-policy","status":"publish","type":"page","link":"https:\/\/dekode2023.stage.dekodes.no\/en\/privacy-policy\/","title":{"rendered":"Personvernerkl\u00e6ring"},"content":{"rendered":"\n<h2 class=\"wp-block-heading\" id=\"h-behandlingsansvarlig\">Behandlingsansvarlig<\/h2>\n\n\n\n<p>Dekode Interaktiv AS (org. nr. 894 928 662), ved daglig leder Hillevi R\u00f8stad, er behandlingsansvarlig for virksomhetens behandling av personopplysninger. Denne erkl\u00e6ringen inneholder opplysninger du har krav p\u00e5 n\u00e5r det samles inn opplysninger fra v\u00e5rt nettsted p\u00e5 https:\/\/dekode2023.stage.dekodes.no<\/p>\n\n\n\n<h2 class=\"wp-block-heading\" id=\"h-hvilke-personopplysninger-behandles\">Hvilke personopplysninger behandles?<\/h2>\n\n\n\n<p>Informasjonen som automatisk lagres om deg som bruker, omhandler IP-adresse, hvordan du navigerer p\u00e5 nettstedet og teknisk informasjon om nettleseren din og operativsystemet ditt.<\/p>\n\n\n\n<p>Andre personopplysninger, slik som navn, e-postadresse og telefonnummer samles kun inn der du selv fyller inn dette i skjemaer og sender inn til oss.<\/p>\n\n\n\n<h2 class=\"wp-block-heading\" id=\"h-hva-er-formalet\">Hva er form\u00e5let?<\/h2>\n\n\n\n<h3 class=\"wp-block-heading\" id=\"h-1-tekniske-logger\">1. Tekniske logger<\/h3>\n\n\n\n<p>Identifiserende informasjon slik som IP-adresse lagres kun i tekniske logger og benyttes kun til tekniske form\u00e5l, slik som forbedring av teknisk oppsett, eller i automatiserte prosesser som forhindrer misbruk av v\u00e5re tjenester. Ved mistanke om kriminelle handlinger vil denne informasjonen kunne bli benyttet til n\u00e6rmere unders\u00f8kelser eller i en anmeldelse. Det vil ikke bli utlevert personopplysninger til andre parter uten at vedkommende som sp\u00f8r har en rettslig kjennelse eller hjemmel i lov for utleveringen.<\/p>\n\n\n\n<h3 class=\"wp-block-heading\" id=\"h-2-bruksstatistikk\">2. Bruksstatistikk<\/h3>\n\n\n\n<p>Form\u00e5let med dette er \u00e5 utarbeide statistikk som vi bruker til \u00e5 forbedre og videreutvikle informasjonstilbudet p\u00e5 nettstedet. Eksempler p\u00e5 hva statistikken gir svar p\u00e5, er hvor mange som bes\u00f8ker ulike sider, hvor lenge bes\u00f8ket varer, hvilke nettsteder brukerne kommer fra og hvilke nettlesere som benyttes.<\/p>\n\n\n\n<p>Opplysningene behandles i avidentifisert og aggregert form. Med avidentifisert menes at vi ikke kan spore opplysningene vi samler inn tilbake til den enkelte bruker. Vi samler inn hele IP-adressen, men IP-adressen avidentifiseres slik at bare de tre f\u00f8rste gruppene i adressen brukes til \u00e5 generere statistikk. Det vil si at dersom IP-adressen best\u00e5r av numrene 195.159.103.82, brukes bare 195.159.103.xx. I tillegg behandles IP-adressene p\u00e5 aggregert niv\u00e5, det vil si at all data sl\u00e5s sammen til en gruppe og ikke behandles individuelt.<\/p>\n\n\n\n<p>Dekode benytter Google Analytics for \u00e5 innhente denne type brukerstatistikk,&nbsp;<a href=\"https:\/\/policies.google.com\/privacy\">se Googles personvernerkl\u00e6ring<\/a>.<\/p>\n\n\n\n<h2 class=\"wp-block-heading\" id=\"h-nyhetsbrev\">Nyhetsbrev<\/h2>\n\n\n\n<p>For at vi skal kunne sende e-post m\u00e5 du registrere en e-postadresse. Hubspot er databehandler for nyhetsbrevet. E-postadressen lagres i en egen database, deles ikke med andre og slettes n\u00e5r du sier opp abonnementet. E-postadressen slettes ogs\u00e5 om vi f\u00e5r tilbakemelding om at den ikke er aktiv. Vi benytter ikke de registrerte opplysningene til andre form\u00e5l enn form\u00e5let oppgitt ved registrering.<\/p>\n\n\n\n<p><a href=\"https:\/\/legal.hubspot.com\/privacy-policy\">Se personvernerkl\u00e6ring for Hubspot <\/a><\/p>\n\n\n\n<h2 class=\"wp-block-heading\" id=\"h-innebygd-innhold-fra-andre-nettsteder\">Innebygd innhold fra andre nettsteder<\/h2>\n\n\n\n<p>Artikler p\u00e5 denne siden kan inkludere innebygd innhold (f.eks. videoer, bilder, artikler osv.). Innebygd innhold fra andre nettsteder oppf\u00f8rer seg p\u00e5 n\u00f8yaktig samme m\u00e5te som om den bes\u00f8kende hadde bes\u00f8kt nettstedet som det innebygde innholdet kommer fra.<\/p>\n\n\n\n<p>Disse nettstedene kan samle inn opplysninger om deg, bruke informasjonskapsler eller bygge inn sporingssystemer fra en tredjepart og overv\u00e5ke hva du gj\u00f8r via dette innebygde innholdet.<\/p>\n\n\n\n<h2 class=\"wp-block-heading\" id=\"h-behandling-av-personopplysninger-nar-du-kontakter-oss\">Behandling av personopplysninger n\u00e5r du kontakter oss<\/h2>\n\n\n\n<p>N\u00e5r du kontakter oss vil din henvendelse kunne lagres i v\u00e5rt kundebehandlingssystem (CRM). Dette for \u00e5 sikre at besvarelser, og oppf\u00f8lging, kan foreg\u00e5 p\u00e5 tvers av ansvarsomr\u00e5der internt i Dekode, og bidra til en bedre kundeoppf\u00f8lging.<\/p>\n\n\n\n<p>I tilfeller hvor man lagrer informasjon i CRM vil dette v\u00e6re konkret informasjon relatert til forretningsvirksomhet, og tilh\u00f8rende relevante kontaktpersoner. Informasjonen som vil kunne lagres omfatter navn, e-postadresse, telefonnummer, stillingstittel, arbeidsgiver, henvendelsens innhold (der hvor dette ikke er markert som konfidensielt), og annen offentlig informasjon om arbeidssted per Br\u00f8nn\u00f8ysundregistrene.<\/p>\n\n\n\n<p>Merk at henvendelser til upersonlige e-postadresser vil kunne ha flere mottakere.<\/p>\n\n\n\n<h2 class=\"wp-block-heading\" id=\"h-hvilke-rettigheter-har-den-registrerte-og-hvilket-lands-lovverk-gjelder\">Hvilke rettigheter har den registrerte og hvilket lands lovverk gjelder?<\/h2>\n\n\n\n<p>Den registrerte har krav p\u00e5 innsyn, retting og sletting av mangelfulle eller uriktige personopplysninger. jf. EU forordning 2016\/679 General Data Protection Regulation.<\/p>\n\n\n\n<h2 class=\"wp-block-heading\" id=\"h-hvordan-sikres-opplysningene\">Hvordan sikres opplysningene?<\/h2>\n\n\n\n<p>All kommunikasjon er basert p\u00e5 kryptografiske protokoller som tilbyr sikker kommunikasjon p\u00e5 Internett for nettlesing, e-post, lynmeldinger og andre dataoverf\u00f8ringer. Opplysningene blir lagret p\u00e5 sikre servere bak en streng brannmur som ivaretar v\u00e5re krav til sikkerhet.<\/p>\n\n\n\n<p>Det er kun Dekode Interaktiv AS som har tilgang til opplysningene som samles inn, der andre leverand\u00f8rer til Dekode Interaktiv AS ikke er nevnt. En egen databehandleravtale mellom Dekode Interaktiv AS og den enkelte leverand\u00f8r regulerer hvilken informasjon leverand\u00f8ren har tilgang til og hvordan den skal behandles.<\/p>\n\n\n\n<h2 class=\"wp-block-heading\" id=\"h-kontaktinformasjon\">Kontaktinformasjon<\/h2>\n\n\n\n<p>Dekode Interaktiv AS har utnevnt et eget personvernombud (\u00abData Protection Officer\u00bb) for \u00e5 ivareta den enkeltes personvern. Henvendelser ang\u00e5ende personvern i Dekode Interaktiv AS b\u00f8r rettes hit:<\/p>\n\n\n\n<p>Navn: Marius Jensen<br>E-post:&nbsp;<a href=\"mailto:ruben@dekode.no\">marius.jensen@dekode.no<\/a><br>Telefon: +47 950 65 010<\/p>\n","protected":false},"excerpt":{"rendered":"<p>Behandlingsansvarlig Dekode Interaktiv AS (org. nr. 894 928 662), ved daglig leder Hillevi R\u00f8stad, er behandlingsansvarlig for virksomhetens behandling av personopplysninger. Denne erkl\u00e6ringen inneholder opplysninger du har krav p\u00e5 n\u00e5r det samles inn opplysninger fra v\u00e5rt nettsted p\u00e5 https:\/\/dekode2023.stage.dekodes.no Hvilke personopplysninger behandles? Informasjonen som automatisk lagres om deg som bruker, omhandler IP-adresse, hvordan du navigerer [&hellip;]<\/p>\n","protected":false},"author":1,"featured_media":0,"parent":0,"menu_order":0,"comment_status":"closed","ping_status":"open","template":"","meta":{"t2_featured_media_focal_point":{"x":0.5,"y":0.5},"footnotes":""},"class_list":["post-3","page","type-page","status-publish","hentry"],"yoast_head":"<!-- This site is optimized with the Yoast SEO Premium plugin v25.3.1 (Yoast SEO v25.9) - https:\/\/yoast.com\/wordpress\/plugins\/seo\/ -->\n<title>Personvernerkl\u00e6ring - Dekode EN<\/title>\n<meta name=\"robots\" content=\"index, follow, max-snippet:-1, max-image-preview:large, max-video-preview:-1\" \/>\n<link rel=\"canonical\" href=\"https:\/\/dekode2023.stage.dekodes.no\/en\/privacy-policy\/\" \/>\n<meta property=\"og:locale\" content=\"nb_NO\" \/>\n<meta property=\"og:type\" content=\"article\" \/>\n<meta property=\"og:title\" content=\"Personvernerkl\u00e6ring\" \/>\n<meta property=\"og:description\" content=\"Behandlingsansvarlig Dekode Interaktiv AS (org. nr. 894 928 662), ved daglig leder Hillevi R\u00f8stad, er behandlingsansvarlig for virksomhetens behandling av personopplysninger. Denne erkl\u00e6ringen inneholder opplysninger du har krav p\u00e5 n\u00e5r det samles inn opplysninger fra v\u00e5rt nettsted p\u00e5 https:\/\/dekode2023.stage.dekodes.no Hvilke personopplysninger behandles? Informasjonen som automatisk lagres om deg som bruker, omhandler IP-adresse, hvordan du navigerer [&hellip;]\" \/>\n<meta property=\"og:url\" content=\"https:\/\/dekode2023.stage.dekodes.no\/en\/privacy-policy\/\" \/>\n<meta property=\"og:site_name\" content=\"Dekode EN\" \/>\n<meta property=\"article:modified_time\" content=\"2023-10-03T15:02:23+00:00\" \/>\n<meta name=\"twitter:card\" content=\"summary_large_image\" \/>\n<meta name=\"twitter:label1\" content=\"Ansl. lesetid\" \/>\n\t<meta name=\"twitter:data1\" content=\"4 minutter\" \/>\n<script type=\"application\/ld+json\" class=\"yoast-schema-graph\">{\"@context\":\"https:\/\/schema.org\",\"@graph\":[{\"@type\":\"WebPage\",\"@id\":\"https:\/\/dekode2023.stage.dekodes.no\/en\/privacy-policy\/\",\"url\":\"https:\/\/dekode2023.stage.dekodes.no\/en\/privacy-policy\/\",\"name\":\"Personvernerkl\u00e6ring - Dekode EN\",\"isPartOf\":{\"@id\":\"https:\/\/dekode2023.stage.dekodes.no\/en\/#website\"},\"datePublished\":\"2023-07-20T12:15:26+00:00\",\"dateModified\":\"2023-10-03T15:02:23+00:00\",\"breadcrumb\":{\"@id\":\"https:\/\/dekode2023.stage.dekodes.no\/en\/privacy-policy\/#breadcrumb\"},\"inLanguage\":\"nb-NO\",\"potentialAction\":[{\"@type\":\"ReadAction\",\"target\":[\"https:\/\/dekode2023.stage.dekodes.no\/en\/privacy-policy\/\"]}]},{\"@type\":\"BreadcrumbList\",\"@id\":\"https:\/\/dekode2023.stage.dekodes.no\/en\/privacy-policy\/#breadcrumb\",\"itemListElement\":[{\"@type\":\"ListItem\",\"position\":1,\"name\":\"Hjem\",\"item\":\"https:\/\/dekode2023.stage.dekodes.no\/en\/\"},{\"@type\":\"ListItem\",\"position\":2,\"name\":\"Personvernerkl\u00e6ring\"}]},{\"@type\":\"WebSite\",\"@id\":\"https:\/\/dekode2023.stage.dekodes.no\/en\/#website\",\"url\":\"https:\/\/dekode2023.stage.dekodes.no\/en\/\",\"name\":\"Dekode EN\",\"description\":\"Design og utvikling p\u00e5 WordPress\",\"potentialAction\":[{\"@type\":\"SearchAction\",\"target\":{\"@type\":\"EntryPoint\",\"urlTemplate\":\"https:\/\/dekode2023.stage.dekodes.no\/en\/?s={search_term_string}\"},\"query-input\":{\"@type\":\"PropertyValueSpecification\",\"valueRequired\":true,\"valueName\":\"search_term_string\"}}],\"inLanguage\":\"nb-NO\"}]}<\/script>\n<!-- \/ Yoast SEO Premium plugin. -->","yoast_head_json":{"title":"Personvernerkl\u00e6ring - Dekode EN","robots":{"index":"index","follow":"follow","max-snippet":"max-snippet:-1","max-image-preview":"max-image-preview:large","max-video-preview":"max-video-preview:-1"},"canonical":"https:\/\/dekode2023.stage.dekodes.no\/en\/privacy-policy\/","og_locale":"nb_NO","og_type":"article","og_title":"Personvernerkl\u00e6ring","og_description":"Behandlingsansvarlig Dekode Interaktiv AS (org. nr. 894 928 662), ved daglig leder Hillevi R\u00f8stad, er behandlingsansvarlig for virksomhetens behandling av personopplysninger. Denne erkl\u00e6ringen inneholder opplysninger du har krav p\u00e5 n\u00e5r det samles inn opplysninger fra v\u00e5rt nettsted p\u00e5 https:\/\/dekode2023.stage.dekodes.no Hvilke personopplysninger behandles? Informasjonen som automatisk lagres om deg som bruker, omhandler IP-adresse, hvordan du navigerer [&hellip;]","og_url":"https:\/\/dekode2023.stage.dekodes.no\/en\/privacy-policy\/","og_site_name":"Dekode EN","article_modified_time":"2023-10-03T15:02:23+00:00","twitter_card":"summary_large_image","twitter_misc":{"Ansl. lesetid":"4 minutter"},"schema":{"@context":"https:\/\/schema.org","@graph":[{"@type":"WebPage","@id":"https:\/\/dekode2023.stage.dekodes.no\/en\/privacy-policy\/","url":"https:\/\/dekode2023.stage.dekodes.no\/en\/privacy-policy\/","name":"Personvernerkl\u00e6ring - Dekode EN","isPartOf":{"@id":"https:\/\/dekode2023.stage.dekodes.no\/en\/#website"},"datePublished":"2023-07-20T12:15:26+00:00","dateModified":"2023-10-03T15:02:23+00:00","breadcrumb":{"@id":"https:\/\/dekode2023.stage.dekodes.no\/en\/privacy-policy\/#breadcrumb"},"inLanguage":"nb-NO","potentialAction":[{"@type":"ReadAction","target":["https:\/\/dekode2023.stage.dekodes.no\/en\/privacy-policy\/"]}]},{"@type":"BreadcrumbList","@id":"https:\/\/dekode2023.stage.dekodes.no\/en\/privacy-policy\/#breadcrumb","itemListElement":[{"@type":"ListItem","position":1,"name":"Hjem","item":"https:\/\/dekode2023.stage.dekodes.no\/en\/"},{"@type":"ListItem","position":2,"name":"Personvernerkl\u00e6ring"}]},{"@type":"WebSite","@id":"https:\/\/dekode2023.stage.dekodes.no\/en\/#website","url":"https:\/\/dekode2023.stage.dekodes.no\/en\/","name":"Dekode EN","description":"Design og utvikling p\u00e5 WordPress","potentialAction":[{"@type":"SearchAction","target":{"@type":"EntryPoint","urlTemplate":"https:\/\/dekode2023.stage.dekodes.no\/en\/?s={search_term_string}"},"query-input":{"@type":"PropertyValueSpecification","valueRequired":true,"valueName":"search_term_string"}}],"inLanguage":"nb-NO"}]}},"_links":{"self":[{"href":"https:\/\/dekode2023.stage.dekodes.no\/en\/wp-json\/wp\/v2\/pages\/3","targetHints":{"allow":["GET"]}}],"collection":[{"href":"https:\/\/dekode2023.stage.dekodes.no\/en\/wp-json\/wp\/v2\/pages"}],"about":[{"href":"https:\/\/dekode2023.stage.dekodes.no\/en\/wp-json\/wp\/v2\/types\/page"}],"author":[{"embeddable":true,"href":"https:\/\/dekode2023.stage.dekodes.no\/en\/wp-json\/wp\/v2\/users\/1"}],"replies":[{"embeddable":true,"href":"https:\/\/dekode2023.stage.dekodes.no\/en\/wp-json\/wp\/v2\/comments?post=3"}],"version-history":[{"count":1,"href":"https:\/\/dekode2023.stage.dekodes.no\/en\/wp-json\/wp\/v2\/pages\/3\/revisions"}],"predecessor-version":[{"id":12792,"href":"https:\/\/dekode2023.stage.dekodes.no\/en\/wp-json\/wp\/v2\/pages\/3\/revisions\/12792"}],"wp:attachment":[{"href":"https:\/\/dekode2023.stage.dekodes.no\/en\/wp-json\/wp\/v2\/media?parent=3"}],"curies":[{"name":"wp","href":"https:\/\/api.w.org\/{rel}","templated":true}]}}